
{"id":5096,"date":"2026-01-20T15:54:55","date_gmt":"2026-01-20T15:54:55","guid":{"rendered":"https:\/\/peruwood.org\/?page_id=5096"},"modified":"2026-01-30T20:19:54","modified_gmt":"2026-01-30T20:19:54","slug":"servicios","status":"publish","type":"page","link":"https:\/\/peruwood.org\/en\/servicios\/","title":{"rendered":"SERVICES"},"content":{"rendered":"<div data-elementor-type=\"wp-page\" data-elementor-id=\"5096\" class=\"elementor elementor-5096\">\n\t\t\t\t<div class=\"elementor-element elementor-element-aed3011 e-flex e-con-boxed e-con e-parent\" data-id=\"aed3011\" data-element_type=\"container\">\n\t\t\t\t\t<div class=\"e-con-inner\">\n\t\t<div class=\"elementor-element elementor-element-4fcf8c8 e-con-full e-flex e-con e-child\" data-id=\"4fcf8c8\" data-element_type=\"container\">\n\t\t<div class=\"elementor-element elementor-element-dbd1693 e-con-full e-flex e-con e-child\" data-id=\"dbd1693\" data-element_type=\"container\">\n\t\t\t\t<div class=\"elementor-element elementor-element-e1e5ba9 elementor-widget elementor-widget-oment-hero-title\" data-id=\"e1e5ba9\" data-element_type=\"widget\" data-widget_type=\"oment-hero-title.default\">\n\t\t\t\t<div class=\"elementor-widget-container\">\n\t\t\t\t\t        \n        \n        <div class=\"section-title text-left sec-title-animation animation-style2 oment-hero-title\">\n                        \n                        <h2 class=\"section-title__title title-animation oment-title oment-size-default\">SERVICES<\/h2>                        \n                        <p class=\"about-one__text oment-text\"><p>We specialize in the management of tropical timber, ensuring that our customers\nreceive the best experience with our services and acquire the highest quality\nproducts available on the market.<\/p><p>\u00a0<\/p><p>Our in-depth knowledge of various wood types and their applications ensures the\nquality and reliability of the products, leading to informed purchasing decisions\nand minimizing potential losses.<\/p><p>\u00a0<\/p><p>Our extensive supplier network in Peru guarantees a high volume of shipments.\nThese suppliers adhere to rigorous standards of environmental responsibility,\nsustainable forest management, legal sourcing, and wood traceability.<\/p><\/p>\n                    <\/div>\n    \t\n    \t\t\t\t<\/div>\n\t\t\t\t<\/div>\n\t\t\t\t<\/div>\n\t\t<div class=\"elementor-element elementor-element-8020ca1 e-con-full e-flex e-con e-child\" data-id=\"8020ca1\" data-element_type=\"container\">\n\t\t\t\t<div class=\"elementor-element elementor-element-a0e8d05 elementor-widget elementor-widget-image\" data-id=\"a0e8d05\" data-element_type=\"widget\" data-widget_type=\"image.default\">\n\t\t\t\t\t\t\t\t\t\t\t\t\t\t\t<img fetchpriority=\"high\" decoding=\"async\" width=\"480\" height=\"400\" src=\"https:\/\/peruwood.org\/wp-content\/uploads\/2026\/01\/servicio_1-480x400.jpg\" class=\"attachment-oment_480x400 size-oment_480x400 wp-image-5098\" alt=\"\" \/>\t\t\t\t\t\t\t\t\t\t\t\t\t\t\t<\/div>\n\t\t\t\t<\/div>\n\t\t\t\t<\/div>\n\t\t<div class=\"elementor-element elementor-element-ec440b7 e-con-full e-flex e-con e-child\" data-id=\"ec440b7\" data-element_type=\"container\">\n\t\t<div class=\"elementor-element elementor-element-5eda956 e-con-full e-flex e-con e-child\" data-id=\"5eda956\" data-element_type=\"container\">\n\t\t\t\t<div class=\"elementor-element elementor-element-41b0e1e elementor-widget elementor-widget-oment-hero-title\" data-id=\"41b0e1e\" data-element_type=\"widget\" data-widget_type=\"oment-hero-title.default\">\n\t\t\t\t<div class=\"elementor-widget-container\">\n\t\t\t\t\t        \n        \n        <div class=\"section-title text-left sec-title-animation animation-style2 oment-hero-title\">\n                        \n                        \n                        <p class=\"about-one__text oment-text\"><p><strong>Our services for the customer \u2013 \u200b\u200bimporter:<\/strong><\/p><ul><li>\u2022 B\u00fasqueda de su demanda en especie y producto.<\/li><li>\u2022 Purchase of the product.<\/li><li>\u2022 Monitoring of the production process.<\/li><li>\u2022 Inspection \u2013 quality control.<\/li><li>\u2022 Coordinations for shipment of your product to destination.<\/li><\/ul><p>\u00a0<\/p><p>\u00a0<\/p><\/p>\n                    <\/div>\n    \t\n    \t\t\t\t<\/div>\n\t\t\t\t<\/div>\n\t\t\t\t<div class=\"elementor-element elementor-element-88bbb53 elementor-widget elementor-widget-image\" data-id=\"88bbb53\" data-element_type=\"widget\" data-widget_type=\"image.default\">\n\t\t\t\t\t\t\t\t\t\t\t\t\t\t\t<img decoding=\"async\" width=\"525\" height=\"525\" src=\"https:\/\/peruwood.org\/wp-content\/uploads\/2026\/01\/servicio_2.jpg\" class=\"attachment-large size-large wp-image-5099\" alt=\"\" srcset=\"https:\/\/peruwood.org\/wp-content\/uploads\/2026\/01\/servicio_2.jpg 600w, https:\/\/peruwood.org\/wp-content\/uploads\/2026\/01\/servicio_2-300x300.jpg 300w, https:\/\/peruwood.org\/wp-content\/uploads\/2026\/01\/servicio_2-100x100.jpg 100w, https:\/\/peruwood.org\/wp-content\/uploads\/2026\/01\/servicio_2-150x150.jpg 150w, https:\/\/peruwood.org\/wp-content\/uploads\/2026\/01\/servicio_2-200x200.jpg 200w, https:\/\/peruwood.org\/wp-content\/uploads\/2026\/01\/servicio_2-55x55.jpg 55w\" sizes=\"(max-width: 525px) 100vw, 525px\" \/>\t\t\t\t\t\t\t\t\t\t\t\t\t\t\t<\/div>\n\t\t\t\t<\/div>\n\t\t<div class=\"elementor-element elementor-element-79c47da e-con-full e-flex e-con e-child\" data-id=\"79c47da\" data-element_type=\"container\">\n\t\t\t\t<div class=\"elementor-element elementor-element-eac3eaf elementor-widget elementor-widget-oment-hero-title\" data-id=\"eac3eaf\" data-element_type=\"widget\" data-widget_type=\"oment-hero-title.default\">\n\t\t\t\t<div class=\"elementor-widget-container\">\n\t\t\t\t\t        \n        \n        <div class=\"section-title text-left sec-title-animation animation-style2 oment-hero-title\">\n                        \n                        \n                        <p class=\"about-one__text oment-text\"><strong>Our services for the customer \u2013 \u200b\u200bexporter:<\/strong>\n<ul>\n \t<li>\u2022 Promover su oferta a nuestra cartera de clientes.\n<li>\u2022 Issuance of Purchase Order.<\/li>\n<li>\u2022 Support in the production process.<\/li>\n<li>\u2022 Inspection \u2013 quality control.<\/li>\n<li>\u2022 Coordinations for shipment of your product to destination.<\/li>\n<li>\u2022 Coordination with the importer for the payment process.<\/li>\n<li>\u2022 Order continuity.<\/li>\n<\/ul><\/p>\n                    <\/div>\n    \t\n    \t\t\t\t<\/div>\n\t\t\t\t<\/div>\n\t\t\t\t<div class=\"elementor-element elementor-element-3013514 elementor-widget elementor-widget-image\" data-id=\"3013514\" data-element_type=\"widget\" data-widget_type=\"image.default\">\n\t\t\t\t\t\t\t\t\t\t\t\t\t\t\t<img decoding=\"async\" width=\"525\" height=\"525\" src=\"https:\/\/peruwood.org\/wp-content\/uploads\/2026\/01\/servicio_3.jpg\" class=\"attachment-large size-large wp-image-5100\" alt=\"\" srcset=\"https:\/\/peruwood.org\/wp-content\/uploads\/2026\/01\/servicio_3.jpg 600w, https:\/\/peruwood.org\/wp-content\/uploads\/2026\/01\/servicio_3-300x300.jpg 300w, https:\/\/peruwood.org\/wp-content\/uploads\/2026\/01\/servicio_3-100x100.jpg 100w, https:\/\/peruwood.org\/wp-content\/uploads\/2026\/01\/servicio_3-150x150.jpg 150w, https:\/\/peruwood.org\/wp-content\/uploads\/2026\/01\/servicio_3-200x200.jpg 200w, https:\/\/peruwood.org\/wp-content\/uploads\/2026\/01\/servicio_3-55x55.jpg 55w\" sizes=\"(max-width: 525px) 100vw, 525px\" \/>\t\t\t\t\t\t\t\t\t\t\t\t\t\t\t<\/div>\n\t\t\t\t<\/div>\n\t\t\t\t<\/div>\n\t\t\t\t\t<\/div>\n\t\t\t\t<\/div>\n\t\t\t\t<\/div>","protected":false},"excerpt":{"rendered":"<p>Servicios Nos especializamos en el manejo de maderas tropicales. Garantizamos que nuestros clientes tengan la mejor experiencia con nuestros servicios y que adquieran los mejores productos disponibles en el mercado. \u00a0 Nuestro conocimiento de cada madera en diferentes situaciones garantiza la calidad y credibilidad del producto, generando as\u00ed s\u00f3lo compras asertivas y evitando p\u00e9rdidas. \u00a0 [&hellip;]<\/p>","protected":false},"author":1,"featured_media":0,"parent":0,"menu_order":0,"comment_status":"closed","ping_status":"closed","template":"tpl-default-elementor.php","meta":{"footnotes":""},"class_list":["post-5096","page","type-page","status-publish","hentry"],"_links":{"self":[{"href":"https:\/\/peruwood.org\/en\/wp-json\/wp\/v2\/pages\/5096","targetHints":{"allow":["GET"]}}],"collection":[{"href":"https:\/\/peruwood.org\/en\/wp-json\/wp\/v2\/pages"}],"about":[{"href":"https:\/\/peruwood.org\/en\/wp-json\/wp\/v2\/types\/page"}],"author":[{"embeddable":true,"href":"https:\/\/peruwood.org\/en\/wp-json\/wp\/v2\/users\/1"}],"replies":[{"embeddable":true,"href":"https:\/\/peruwood.org\/en\/wp-json\/wp\/v2\/comments?post=5096"}],"version-history":[{"count":28,"href":"https:\/\/peruwood.org\/en\/wp-json\/wp\/v2\/pages\/5096\/revisions"}],"predecessor-version":[{"id":5283,"href":"https:\/\/peruwood.org\/en\/wp-json\/wp\/v2\/pages\/5096\/revisions\/5283"}],"wp:attachment":[{"href":"https:\/\/peruwood.org\/en\/wp-json\/wp\/v2\/media?parent=5096"}],"curies":[{"name":"wp","href":"https:\/\/api.w.org\/{rel}","templated":true}]}}