
{"id":4875,"date":"2024-02-01T20:14:53","date_gmt":"2024-02-01T20:14:53","guid":{"rendered":"https:\/\/wp1.yogsthemes.com\/newwp\/oment\/?page_id=3827"},"modified":"2026-01-25T16:26:16","modified_gmt":"2026-01-25T16:26:16","slug":"quienes-somos","status":"publish","type":"page","link":"https:\/\/peruwood.org\/en\/quienes-somos\/","title":{"rendered":"ABOUT US"},"content":{"rendered":"<div data-elementor-type=\"wp-page\" data-elementor-id=\"4875\" class=\"elementor elementor-4875\">\n\t\t\t\t<div class=\"elementor-element elementor-element-aed3011 e-flex e-con-boxed e-con e-parent\" data-id=\"aed3011\" data-element_type=\"container\">\n\t\t\t\t\t<div class=\"e-con-inner\">\n\t\t<div class=\"elementor-element elementor-element-4fcf8c8 e-con-full e-flex e-con e-child\" data-id=\"4fcf8c8\" data-element_type=\"container\">\n\t\t\t\t<div class=\"elementor-element elementor-element-33ba64c elementor-widget elementor-widget-oment-hero-title\" data-id=\"33ba64c\" data-element_type=\"widget\" data-widget_type=\"oment-hero-title.default\">\n\t\t\t\t<div class=\"elementor-widget-container\">\n\t\t\t\t\t        \n        \n        <div class=\"section-title text-left sec-title-animation animation-style2 oment-hero-title\">\n                        \n                        <h2 class=\"section-title__title title-animation oment-title oment-size-default\">ABOUT US<\/h2>                        \n                        <p class=\"about-one__text oment-text\"><p style=\"text-align: justify\">PERUWOOD is a Peruvian company dedicated to provide specialized advice to\ncustomers and suppliers on the export of Peruvian tropical timber. We have an\nextensive network of importers in countries such as France, Belgium, Portugal,\nDenmark, the Dominican Republic, Mexico, and Asian Countries. Additionally, we\nwork with qualified suppliers from the Peruvian Amazon regions of Ucayali and\nMadre de Dios, enabling us to offer high-quality, pre-inspected products that help\nminimize operational risks.<\/p><p>\u00a0<\/p><p style=\"text-align: justify\">As a leading company in consulting and representing clients and suppliers of\ntropical timber in Peru, PERUWOOD operates responsibly and transparently,\nproviding access to premium products.<\/p><p>\u00a0<\/p><p style=\"text-align: justify\">We are committed to sourcing wood from sustainably managed forests and work\nwith a network of suppliers that offer both FSC-certified and non-FSC-certified\ntimber.<\/p><p>\u00a0<\/p><p style=\"text-align: justify\">Our supplier network ensures a steady supply of raw materials, access to the latest technology to fulfill various orders, and extensive experience in exporting.<\/p><p>\u00a0<\/p><p style=\"text-align: justify\">We ensure importers have the best possible experience with our services,\nacquiring top-quality products available in the market.<\/p><p>\u00a0<\/p><p style=\"text-align: justify\">For our supplier clients, we provide access to international markets, offering\ncompetitive prices in line with companies that have a recognized track record in\nthe global timber trade.<\/p><\/p>\n                    <\/div>\n    \t\n    \t\t\t\t<\/div>\n\t\t\t\t<\/div>\n\t\t\t\t<\/div>\n\t\t<div class=\"elementor-element elementor-element-a576475 e-con-full e-flex e-con e-child\" data-id=\"a576475\" data-element_type=\"container\">\n\t\t\t\t<div class=\"elementor-element elementor-element-5c0480e elementor-widget elementor-widget-oment_float_image\" data-id=\"5c0480e\" data-element_type=\"widget\" data-widget_type=\"oment_float_image.default\">\n\t\t\t\t<div class=\"elementor-widget-container\">\n\t\t\t\t\t  \n    \n        \n    <div class=\"about-four__img-box\">\n                <div class=\"about-four__img te-img-position\">\n            <img decoding=\"async\" src=\"https:\/\/peruwood.org\/wp-content\/uploads\/2026\/01\/quienes-somos2.png\" alt=\"Awesome Image\">\n        <\/div>\n        <div class=\"about-four__shape-1 img-bounce\">\n            <img decoding=\"async\" src=\"https:\/\/peruwood.org\/wp-content\/themes\/oment\/assets\/images\/shapes\/about-four-shape-1.png\" alt=\"Awesome Image\">\n        <\/div>\n        <div class=\"about-four__shape-2 rotateme\">\n            <img decoding=\"async\" src=\"https:\/\/peruwood.org\/wp-content\/themes\/oment\/assets\/images\/shapes\/about-four-shape-2.png\" alt=\"Awesome Image\">\n        <\/div>\n            <\/div>\n    \n    \t\t\t\t<\/div>\n\t\t\t\t<\/div>\n\t\t\t\t<\/div>\n\t\t\t\t\t<\/div>\n\t\t\t\t<\/div>\n\t\t\t\t<\/div>","protected":false},"excerpt":{"rendered":"<p>Quienes somos Empresa peruana, dedicada a brindar a clientes y proveedores asesor\u00eda especializada en maderas tropicales de Per\u00fa con fines de exportaci\u00f3n. Contamos con una amplia red de clientes importadores en Francia, B\u00e9lgica, Portugal, Dinamarca, Rep\u00fablica Dominicana, M\u00e9xico, Vietnam; as\u00ed mismo contamos con proveedores cualificados en la amazon\u00eda peruana de Ucayali y Madre de Dios [&hellip;]<\/p>","protected":false},"author":1,"featured_media":0,"parent":0,"menu_order":0,"comment_status":"closed","ping_status":"closed","template":"tpl-default-elementor.php","meta":{"footnotes":""},"class_list":["post-4875","page","type-page","status-publish","hentry"],"_links":{"self":[{"href":"https:\/\/peruwood.org\/en\/wp-json\/wp\/v2\/pages\/4875","targetHints":{"allow":["GET"]}}],"collection":[{"href":"https:\/\/peruwood.org\/en\/wp-json\/wp\/v2\/pages"}],"about":[{"href":"https:\/\/peruwood.org\/en\/wp-json\/wp\/v2\/types\/page"}],"author":[{"embeddable":true,"href":"https:\/\/peruwood.org\/en\/wp-json\/wp\/v2\/users\/1"}],"replies":[{"embeddable":true,"href":"https:\/\/peruwood.org\/en\/wp-json\/wp\/v2\/comments?post=4875"}],"version-history":[{"count":22,"href":"https:\/\/peruwood.org\/en\/wp-json\/wp\/v2\/pages\/4875\/revisions"}],"predecessor-version":[{"id":5256,"href":"https:\/\/peruwood.org\/en\/wp-json\/wp\/v2\/pages\/4875\/revisions\/5256"}],"wp:attachment":[{"href":"https:\/\/peruwood.org\/en\/wp-json\/wp\/v2\/media?parent=4875"}],"curies":[{"name":"wp","href":"https:\/\/api.w.org\/{rel}","templated":true}]}}