
{"id":4870,"date":"2024-01-30T19:46:09","date_gmt":"2024-01-30T19:46:09","guid":{"rendered":"https:\/\/wp1.yogsthemes.com\/newwp\/oment\/?page_id=169"},"modified":"2026-01-20T16:56:06","modified_gmt":"2026-01-20T16:56:06","slug":"contacto-02","status":"publish","type":"page","link":"https:\/\/peruwood.org\/en\/contacto-02\/","title":{"rendered":"Contacto-02"},"content":{"rendered":"<div data-elementor-type=\"wp-page\" data-elementor-id=\"4870\" class=\"elementor elementor-4870\">\n\t\t\t\t<div class=\"elementor-element elementor-element-f6db8ad e-flex e-con-boxed e-con e-parent\" data-id=\"f6db8ad\" data-element_type=\"container\">\n\t\t\t\t\t<div class=\"e-con-inner\">\n\t\t<div class=\"elementor-element elementor-element-af22ffa e-con-full e-flex e-con e-child\" data-id=\"af22ffa\" data-element_type=\"container\">\n\t\t\t\t<div class=\"elementor-element elementor-element-8e63cdb elementor-widget elementor-widget-oment-hero-title\" data-id=\"8e63cdb\" data-element_type=\"widget\" data-widget_type=\"oment-hero-title.default\">\n\t\t\t\t<div class=\"elementor-widget-container\">\n\t\t\t\t\t        \n        \n        <div class=\"section-title text-left sec-title-animation animation-style2 oment-hero-title\">\n                        \n                        \n                        <p class=\"about-one__text oment-text\"><p>Escr\u00edbenos un correo electr\u00f3nico a trav\u00e9s del formulario, o simplemente env\u00edenos un correo electr\u00f3nico directamente a contacto@peruforestal.org<\/p><\/p>\n                    <\/div>\n    \t\n    \t\t\t\t<\/div>\n\t\t\t\t<\/div>\n\t\t<div class=\"elementor-element elementor-element-98f9698 e-con-full e-flex e-con e-child\" data-id=\"98f9698\" data-element_type=\"container\">\n\t\t<div class=\"elementor-element elementor-element-92bd914 e-con-full e-flex e-con e-child\" data-id=\"92bd914\" data-element_type=\"container\" data-settings=\"{&quot;background_background&quot;:&quot;classic&quot;}\">\n\t\t\t\t<div class=\"elementor-element elementor-element-d0b3df4 elementor-widget elementor-widget-oment_icon_box\" data-id=\"d0b3df4\" data-element_type=\"widget\" data-settings=\"{&quot;icon_box_space&quot;:{&quot;unit&quot;:&quot;px&quot;,&quot;top&quot;:&quot;&quot;,&quot;right&quot;:&quot;&quot;,&quot;bottom&quot;:&quot;&quot;,&quot;left&quot;:&quot;&quot;,&quot;isLinked&quot;:true},&quot;icon_box_space_tablet&quot;:{&quot;unit&quot;:&quot;px&quot;,&quot;top&quot;:&quot;&quot;,&quot;right&quot;:&quot;&quot;,&quot;bottom&quot;:&quot;&quot;,&quot;left&quot;:&quot;&quot;,&quot;isLinked&quot;:true},&quot;icon_box_space_mobile&quot;:{&quot;unit&quot;:&quot;px&quot;,&quot;top&quot;:&quot;&quot;,&quot;right&quot;:&quot;&quot;,&quot;bottom&quot;:&quot;&quot;,&quot;left&quot;:&quot;&quot;,&quot;isLinked&quot;:true},&quot;icon_box_padding&quot;:{&quot;unit&quot;:&quot;px&quot;,&quot;top&quot;:&quot;&quot;,&quot;right&quot;:&quot;&quot;,&quot;bottom&quot;:&quot;&quot;,&quot;left&quot;:&quot;&quot;,&quot;isLinked&quot;:true},&quot;icon_box_padding_tablet&quot;:{&quot;unit&quot;:&quot;px&quot;,&quot;top&quot;:&quot;&quot;,&quot;right&quot;:&quot;&quot;,&quot;bottom&quot;:&quot;&quot;,&quot;left&quot;:&quot;&quot;,&quot;isLinked&quot;:true},&quot;icon_box_padding_mobile&quot;:{&quot;unit&quot;:&quot;px&quot;,&quot;top&quot;:&quot;&quot;,&quot;right&quot;:&quot;&quot;,&quot;bottom&quot;:&quot;&quot;,&quot;left&quot;:&quot;&quot;,&quot;isLinked&quot;:true},&quot;title_margin&quot;:{&quot;unit&quot;:&quot;px&quot;,&quot;top&quot;:&quot;&quot;,&quot;right&quot;:&quot;&quot;,&quot;bottom&quot;:&quot;&quot;,&quot;left&quot;:&quot;&quot;,&quot;isLinked&quot;:true},&quot;title_margin_tablet&quot;:{&quot;unit&quot;:&quot;px&quot;,&quot;top&quot;:&quot;&quot;,&quot;right&quot;:&quot;&quot;,&quot;bottom&quot;:&quot;&quot;,&quot;left&quot;:&quot;&quot;,&quot;isLinked&quot;:true},&quot;title_margin_mobile&quot;:{&quot;unit&quot;:&quot;px&quot;,&quot;top&quot;:&quot;&quot;,&quot;right&quot;:&quot;&quot;,&quot;bottom&quot;:&quot;&quot;,&quot;left&quot;:&quot;&quot;,&quot;isLinked&quot;:true},&quot;title_padding&quot;:{&quot;unit&quot;:&quot;px&quot;,&quot;top&quot;:&quot;&quot;,&quot;right&quot;:&quot;&quot;,&quot;bottom&quot;:&quot;&quot;,&quot;left&quot;:&quot;&quot;,&quot;isLinked&quot;:true},&quot;title_padding_tablet&quot;:{&quot;unit&quot;:&quot;px&quot;,&quot;top&quot;:&quot;&quot;,&quot;right&quot;:&quot;&quot;,&quot;bottom&quot;:&quot;&quot;,&quot;left&quot;:&quot;&quot;,&quot;isLinked&quot;:true},&quot;title_padding_mobile&quot;:{&quot;unit&quot;:&quot;px&quot;,&quot;top&quot;:&quot;&quot;,&quot;right&quot;:&quot;&quot;,&quot;bottom&quot;:&quot;&quot;,&quot;left&quot;:&quot;&quot;,&quot;isLinked&quot;:true}}\" data-widget_type=\"oment_icon_box.default\">\n\t\t\t\t<div class=\"elementor-widget-container\">\n\t\t\t\t\t    \t\r\n        \r\n                \r\n        <ul class=\"contact-page__contact-list list-unstyled oment_icon_box\">\r\n            <li>\r\n                <div class=\"contact-page__icon oment-icon\">\r\n                                            <i class=\"icon icon-placeholder\"><\/i>                                    <\/div>\r\n                <h3 class=\"contact-page__title oment-title\">Lugar<\/h3>                <p class=\"oment-text\">Lima - Per\u00fa<\/p>            <\/li>\r\n        <\/ul>\r\n        \r\n        \t\t\t\t<\/div>\n\t\t\t\t<\/div>\n\t\t\t\t<\/div>\n\t\t<div class=\"elementor-element elementor-element-70cd033 e-con-full e-flex e-con e-child\" data-id=\"70cd033\" data-element_type=\"container\" data-settings=\"{&quot;background_background&quot;:&quot;classic&quot;}\">\n\t\t\t\t<div class=\"elementor-element elementor-element-389f906 elementor-widget elementor-widget-oment_icon_box\" data-id=\"389f906\" data-element_type=\"widget\" data-settings=\"{&quot;icon_box_space&quot;:{&quot;unit&quot;:&quot;px&quot;,&quot;top&quot;:&quot;&quot;,&quot;right&quot;:&quot;&quot;,&quot;bottom&quot;:&quot;&quot;,&quot;left&quot;:&quot;&quot;,&quot;isLinked&quot;:true},&quot;icon_box_space_tablet&quot;:{&quot;unit&quot;:&quot;px&quot;,&quot;top&quot;:&quot;&quot;,&quot;right&quot;:&quot;&quot;,&quot;bottom&quot;:&quot;&quot;,&quot;left&quot;:&quot;&quot;,&quot;isLinked&quot;:true},&quot;icon_box_space_mobile&quot;:{&quot;unit&quot;:&quot;px&quot;,&quot;top&quot;:&quot;&quot;,&quot;right&quot;:&quot;&quot;,&quot;bottom&quot;:&quot;&quot;,&quot;left&quot;:&quot;&quot;,&quot;isLinked&quot;:true},&quot;icon_box_padding&quot;:{&quot;unit&quot;:&quot;px&quot;,&quot;top&quot;:&quot;&quot;,&quot;right&quot;:&quot;&quot;,&quot;bottom&quot;:&quot;&quot;,&quot;left&quot;:&quot;&quot;,&quot;isLinked&quot;:true},&quot;icon_box_padding_tablet&quot;:{&quot;unit&quot;:&quot;px&quot;,&quot;top&quot;:&quot;&quot;,&quot;right&quot;:&quot;&quot;,&quot;bottom&quot;:&quot;&quot;,&quot;left&quot;:&quot;&quot;,&quot;isLinked&quot;:true},&quot;icon_box_padding_mobile&quot;:{&quot;unit&quot;:&quot;px&quot;,&quot;top&quot;:&quot;&quot;,&quot;right&quot;:&quot;&quot;,&quot;bottom&quot;:&quot;&quot;,&quot;left&quot;:&quot;&quot;,&quot;isLinked&quot;:true},&quot;title_margin&quot;:{&quot;unit&quot;:&quot;px&quot;,&quot;top&quot;:&quot;&quot;,&quot;right&quot;:&quot;&quot;,&quot;bottom&quot;:&quot;&quot;,&quot;left&quot;:&quot;&quot;,&quot;isLinked&quot;:true},&quot;title_margin_tablet&quot;:{&quot;unit&quot;:&quot;px&quot;,&quot;top&quot;:&quot;&quot;,&quot;right&quot;:&quot;&quot;,&quot;bottom&quot;:&quot;&quot;,&quot;left&quot;:&quot;&quot;,&quot;isLinked&quot;:true},&quot;title_margin_mobile&quot;:{&quot;unit&quot;:&quot;px&quot;,&quot;top&quot;:&quot;&quot;,&quot;right&quot;:&quot;&quot;,&quot;bottom&quot;:&quot;&quot;,&quot;left&quot;:&quot;&quot;,&quot;isLinked&quot;:true},&quot;title_padding&quot;:{&quot;unit&quot;:&quot;px&quot;,&quot;top&quot;:&quot;&quot;,&quot;right&quot;:&quot;&quot;,&quot;bottom&quot;:&quot;&quot;,&quot;left&quot;:&quot;&quot;,&quot;isLinked&quot;:true},&quot;title_padding_tablet&quot;:{&quot;unit&quot;:&quot;px&quot;,&quot;top&quot;:&quot;&quot;,&quot;right&quot;:&quot;&quot;,&quot;bottom&quot;:&quot;&quot;,&quot;left&quot;:&quot;&quot;,&quot;isLinked&quot;:true},&quot;title_padding_mobile&quot;:{&quot;unit&quot;:&quot;px&quot;,&quot;top&quot;:&quot;&quot;,&quot;right&quot;:&quot;&quot;,&quot;bottom&quot;:&quot;&quot;,&quot;left&quot;:&quot;&quot;,&quot;isLinked&quot;:true}}\" data-widget_type=\"oment_icon_box.default\">\n\t\t\t\t<div class=\"elementor-widget-container\">\n\t\t\t\t\t    \t\r\n        \r\n                \r\n        <ul class=\"contact-page__contact-list list-unstyled oment_icon_box\">\r\n            <li>\r\n                <div class=\"contact-page__icon oment-icon\">\r\n                                            <i class=\"icon icon-email\"><\/i>                                    <\/div>\r\n                <h3 class=\"contact-page__title oment-title\">Email<\/h3>                <p class=\"oment-text\">contacto@peruforestal.org<\/p>            <\/li>\r\n        <\/ul>\r\n        \r\n        \t\t\t\t<\/div>\n\t\t\t\t<\/div>\n\t\t\t\t<\/div>\n\t\t\t\t<\/div>\n\t\t\t\t<\/div>\n\t\t<div class=\"elementor-element elementor-element-b0f06b2 e-con-full e-flex e-con e-child\" data-id=\"b0f06b2\" data-element_type=\"container\">\n\t\t\t\t<div class=\"elementor-element elementor-element-b618e0c elementor-widget elementor-widget-oment-hero-title\" data-id=\"b618e0c\" data-element_type=\"widget\" data-widget_type=\"oment-hero-title.default\">\n\t\t\t\t<div class=\"elementor-widget-container\">\n\t\t\t\t\t        \n        \n        <div class=\"section-title text-left sec-title-animation animation-style2 oment-hero-title\">\n                        \n                        <h2 class=\"section-title__title title-animation oment-title oment-size-default\">Su opini\u00f3n es importante<\/h2>                        \n                        <p class=\"about-one__text oment-text\"><p>Deseamos saber sus comentarios y sugerencias, a continuaci\u00f3n ingrese sus datos personales.<\/p><\/p>\n                    <\/div>\n    \t\n    \t\t\t\t<\/div>\n\t\t\t\t<\/div>\n\t\t\t\t<div class=\"elementor-element elementor-element-8230037 elementor-widget elementor-widget-oment_form\" data-id=\"8230037\" data-element_type=\"widget\" data-settings=\"{&quot;oment_layout_margin&quot;:{&quot;unit&quot;:&quot;px&quot;,&quot;top&quot;:&quot;&quot;,&quot;right&quot;:&quot;&quot;,&quot;bottom&quot;:&quot;&quot;,&quot;left&quot;:&quot;&quot;,&quot;isLinked&quot;:true},&quot;oment_layout_margin_tablet&quot;:{&quot;unit&quot;:&quot;px&quot;,&quot;top&quot;:&quot;&quot;,&quot;right&quot;:&quot;&quot;,&quot;bottom&quot;:&quot;&quot;,&quot;left&quot;:&quot;&quot;,&quot;isLinked&quot;:true},&quot;oment_layout_margin_mobile&quot;:{&quot;unit&quot;:&quot;px&quot;,&quot;top&quot;:&quot;&quot;,&quot;right&quot;:&quot;&quot;,&quot;bottom&quot;:&quot;&quot;,&quot;left&quot;:&quot;&quot;,&quot;isLinked&quot;:true},&quot;oment_layout_padding&quot;:{&quot;unit&quot;:&quot;px&quot;,&quot;top&quot;:&quot;&quot;,&quot;right&quot;:&quot;&quot;,&quot;bottom&quot;:&quot;&quot;,&quot;left&quot;:&quot;&quot;,&quot;isLinked&quot;:true},&quot;oment_layout_padding_tablet&quot;:{&quot;unit&quot;:&quot;px&quot;,&quot;top&quot;:&quot;&quot;,&quot;right&quot;:&quot;&quot;,&quot;bottom&quot;:&quot;&quot;,&quot;left&quot;:&quot;&quot;,&quot;isLinked&quot;:true},&quot;oment_layout_padding_mobile&quot;:{&quot;unit&quot;:&quot;px&quot;,&quot;top&quot;:&quot;&quot;,&quot;right&quot;:&quot;&quot;,&quot;bottom&quot;:&quot;&quot;,&quot;left&quot;:&quot;&quot;,&quot;isLinked&quot;:true}}\" data-widget_type=\"oment_form.default\">\n\t\t\t\t<div class=\"elementor-widget-container\">\n\t\t\t\t\t    \n\n\t   \n    <div class=\"contact-page__form oment-form\">\n    \t        <div class=\"contact-page__form-box\">\n            \n<div class=\"wpcf7 no-js\" id=\"wpcf7-f550-o1\" lang=\"en-US\" dir=\"ltr\" data-wpcf7-id=\"550\">\n<div class=\"screen-reader-response\"><p role=\"status\" aria-live=\"polite\" aria-atomic=\"true\"><\/p> <ul><\/ul><\/div>\n<form action=\"\/en\/wp-json\/wp\/v2\/pages\/4870#wpcf7-f550-o1\" method=\"post\" class=\"wpcf7-form init\" aria-label=\"Contact form\" novalidate=\"novalidate\" data-status=\"init\" data-trp-original-action=\"\/en\/wp-json\/wp\/v2\/pages\/4870#wpcf7-f550-o1\">\n<fieldset class=\"hidden-fields-container\"><input type=\"hidden\" name=\"_wpcf7\" value=\"550\" \/><input type=\"hidden\" name=\"_wpcf7_version\" value=\"6.1.4\" \/><input type=\"hidden\" name=\"_wpcf7_locale\" value=\"en_US\" \/><input type=\"hidden\" name=\"_wpcf7_unit_tag\" value=\"wpcf7-f550-o1\" \/><input type=\"hidden\" name=\"_wpcf7_container_post\" value=\"0\" \/><input type=\"hidden\" name=\"_wpcf7_posted_data_hash\" value=\"\" \/><input type=\"hidden\" name=\"_wpcf7_recaptcha_response\" value=\"\" \/>\n<\/fieldset>\n<div class=\"row\">\n\t<div class=\"col-xl-6 col-md-6\">\n\t\t<div class=\"contact-page__input-box\">\n\t\t\t<p><span class=\"wpcf7-form-control-wrap\" data-name=\"text-692\"><input size=\"40\" maxlength=\"400\" class=\"wpcf7-form-control wpcf7-text wpcf7-validates-as-required\" aria-required=\"true\" aria-invalid=\"false\" placeholder=\"Name\" value=\"\" type=\"text\" name=\"text-692\" \/><\/span>\n\t\t\t<\/p>\n\t\t<\/div>\n\t<\/div>\n\t<div class=\"col-xl-6 col-md-6\">\n\t\t<div class=\"contact-page__input-box\">\n\t\t\t<p><span class=\"wpcf7-form-control-wrap\" data-name=\"email-353\"><input size=\"40\" maxlength=\"400\" class=\"wpcf7-form-control wpcf7-email wpcf7-validates-as-required wpcf7-text wpcf7-validates-as-email\" aria-required=\"true\" aria-invalid=\"false\" placeholder=\"Email\" value=\"\" type=\"email\" name=\"email-353\" \/><\/span>\n\t\t\t<\/p>\n\t\t<\/div>\n\t<\/div>\n\t<div class=\"col-xl-6 col-md-6\">\n\t\t<div class=\"contact-page__input-box\">\n\t\t\t<p><span class=\"wpcf7-form-control-wrap\" data-name=\"text-693\"><input size=\"40\" maxlength=\"400\" class=\"wpcf7-form-control wpcf7-text wpcf7-validates-as-required\" aria-required=\"true\" aria-invalid=\"false\" placeholder=\"Phone\" value=\"\" type=\"text\" name=\"text-693\" \/><\/span>\n\t\t\t<\/p>\n\t\t<\/div>\n\t<\/div>\n<\/div>\n<div class=\"row\">\n\t<div class=\"col-xl-12\">\n\t\t<div class=\"contact-page__input-box text-message-box\">\n\t\t\t<p><span class=\"wpcf7-form-control-wrap\" data-name=\"textarea-540\"><textarea cols=\"40\" rows=\"10\" maxlength=\"2000\" class=\"wpcf7-form-control wpcf7-textarea wpcf7-validates-as-required\" aria-required=\"true\" aria-invalid=\"false\" placeholder=\"write message\" name=\"textarea-540\"><\/textarea><\/span>\n\t\t\t<\/p>\n\t\t<\/div>\n\t\t<div class=\"contact-page__btn-box\">\n\t\t\t<p><button type=\"submit\" class=\"thm-btn contact-page__btn\">Send<span class=\"icon-right-arrow-2\"><\/span><\/button>\n\t\t\t<\/p>\n\t\t<\/div>\n\t<\/div>\n<\/div><div class=\"wpcf7-response-output\" aria-hidden=\"true\"><\/div>\n<input type=\"hidden\" name=\"trp-form-language\" value=\"en\"\/><\/form>\n<\/div>\n        <\/div>\n            <\/div>\n   \n   \t\t\t\t<\/div>\n\t\t\t\t<\/div>\n\t\t\t\t<\/div>\n\t\t\t\t\t<\/div>\n\t\t\t\t<\/div>\n\t\t\t\t<\/div>","protected":false},"excerpt":{"rendered":"<p>Escr\u00edbenos un correo electr\u00f3nico a trav\u00e9s del formulario, o simplemente env\u00edenos un correo electr\u00f3nico directamente a contacto@peruforestal.org Lugar Lima &#8211; Per\u00fa Correo contacto@peruforestal.org Su opini\u00f3n es importante Deseamos saber sus comentarios y sugerencias, a continuaci\u00f3n ingrese sus datos personales. Enviar Mensaje<\/p>","protected":false},"author":1,"featured_media":0,"parent":0,"menu_order":0,"comment_status":"closed","ping_status":"closed","template":"tpl-default-elementor.php","meta":{"footnotes":""},"class_list":["post-4870","page","type-page","status-publish","hentry"],"_links":{"self":[{"href":"https:\/\/peruwood.org\/en\/wp-json\/wp\/v2\/pages\/4870","targetHints":{"allow":["GET"]}}],"collection":[{"href":"https:\/\/peruwood.org\/en\/wp-json\/wp\/v2\/pages"}],"about":[{"href":"https:\/\/peruwood.org\/en\/wp-json\/wp\/v2\/types\/page"}],"author":[{"embeddable":true,"href":"https:\/\/peruwood.org\/en\/wp-json\/wp\/v2\/users\/1"}],"replies":[{"embeddable":true,"href":"https:\/\/peruwood.org\/en\/wp-json\/wp\/v2\/comments?post=4870"}],"version-history":[{"count":2,"href":"https:\/\/peruwood.org\/en\/wp-json\/wp\/v2\/pages\/4870\/revisions"}],"predecessor-version":[{"id":5151,"href":"https:\/\/peruwood.org\/en\/wp-json\/wp\/v2\/pages\/4870\/revisions\/5151"}],"wp:attachment":[{"href":"https:\/\/peruwood.org\/en\/wp-json\/wp\/v2\/media?parent=4870"}],"curies":[{"name":"wp","href":"https:\/\/api.w.org\/{rel}","templated":true}]}}