
{"id":3966,"date":"2024-01-30T14:35:52","date_gmt":"2024-01-30T14:35:52","guid":{"rendered":"https:\/\/wp1.yogsthemes.com\/newwp\/oment\/?page_id=28"},"modified":"2026-01-25T16:11:25","modified_gmt":"2026-01-25T16:11:25","slug":"homepage-three","status":"publish","type":"page","link":"https:\/\/peruwood.org\/en\/","title":{"rendered":"Homepage Three"},"content":{"rendered":"<div data-elementor-type=\"wp-page\" data-elementor-id=\"3966\" class=\"elementor elementor-3966\">\n\t\t\t\t<div class=\"elementor-element elementor-element-931855c e-con-full e-flex e-con e-parent\" data-id=\"931855c\" data-element_type=\"container\" data-settings=\"{&quot;shape_divider_bottom&quot;:&quot;triangle&quot;}\">\n\t\t\t\t<div class=\"elementor-shape elementor-shape-bottom\" aria-hidden=\"true\" data-negative=\"false\">\n\t\t\t<svg xmlns=\"http:\/\/www.w3.org\/2000\/svg\" viewbox=\"0 0 1000 100\" preserveaspectratio=\"none\">\n\t<path class=\"elementor-shape-fill\" d=\"M500,98.9L0,6.1V0h1000v6.1L500,98.9z\"\/>\n<\/svg>\t\t<\/div>\n\t\t\t\t<div class=\"elementor-element elementor-element-2de1bf6 elementor-widget elementor-widget-oment_slider\" data-id=\"2de1bf6\" data-element_type=\"widget\" data-settings=\"{&quot;oment_layout_margin&quot;:{&quot;unit&quot;:&quot;px&quot;,&quot;top&quot;:&quot;&quot;,&quot;right&quot;:&quot;&quot;,&quot;bottom&quot;:&quot;&quot;,&quot;left&quot;:&quot;&quot;,&quot;isLinked&quot;:true},&quot;oment_layout_margin_tablet&quot;:{&quot;unit&quot;:&quot;px&quot;,&quot;top&quot;:&quot;&quot;,&quot;right&quot;:&quot;&quot;,&quot;bottom&quot;:&quot;&quot;,&quot;left&quot;:&quot;&quot;,&quot;isLinked&quot;:true},&quot;oment_layout_margin_mobile&quot;:{&quot;unit&quot;:&quot;px&quot;,&quot;top&quot;:&quot;&quot;,&quot;right&quot;:&quot;&quot;,&quot;bottom&quot;:&quot;&quot;,&quot;left&quot;:&quot;&quot;,&quot;isLinked&quot;:true},&quot;oment_layout_padding&quot;:{&quot;unit&quot;:&quot;px&quot;,&quot;top&quot;:&quot;&quot;,&quot;right&quot;:&quot;&quot;,&quot;bottom&quot;:&quot;&quot;,&quot;left&quot;:&quot;&quot;,&quot;isLinked&quot;:true},&quot;oment_layout_padding_tablet&quot;:{&quot;unit&quot;:&quot;px&quot;,&quot;top&quot;:&quot;&quot;,&quot;right&quot;:&quot;&quot;,&quot;bottom&quot;:&quot;&quot;,&quot;left&quot;:&quot;&quot;,&quot;isLinked&quot;:true},&quot;oment_layout_padding_mobile&quot;:{&quot;unit&quot;:&quot;px&quot;,&quot;top&quot;:&quot;&quot;,&quot;right&quot;:&quot;&quot;,&quot;bottom&quot;:&quot;&quot;,&quot;left&quot;:&quot;&quot;,&quot;isLinked&quot;:true},&quot;btn_margin&quot;:{&quot;unit&quot;:&quot;px&quot;,&quot;top&quot;:&quot;&quot;,&quot;right&quot;:&quot;&quot;,&quot;bottom&quot;:&quot;&quot;,&quot;left&quot;:&quot;&quot;,&quot;isLinked&quot;:true},&quot;btn_margin_tablet&quot;:{&quot;unit&quot;:&quot;px&quot;,&quot;top&quot;:&quot;&quot;,&quot;right&quot;:&quot;&quot;,&quot;bottom&quot;:&quot;&quot;,&quot;left&quot;:&quot;&quot;,&quot;isLinked&quot;:true},&quot;btn_margin_mobile&quot;:{&quot;unit&quot;:&quot;px&quot;,&quot;top&quot;:&quot;&quot;,&quot;right&quot;:&quot;&quot;,&quot;bottom&quot;:&quot;&quot;,&quot;left&quot;:&quot;&quot;,&quot;isLinked&quot;:true},&quot;btn_padding&quot;:{&quot;unit&quot;:&quot;px&quot;,&quot;top&quot;:&quot;&quot;,&quot;right&quot;:&quot;&quot;,&quot;bottom&quot;:&quot;&quot;,&quot;left&quot;:&quot;&quot;,&quot;isLinked&quot;:true},&quot;btn_padding_tablet&quot;:{&quot;unit&quot;:&quot;px&quot;,&quot;top&quot;:&quot;&quot;,&quot;right&quot;:&quot;&quot;,&quot;bottom&quot;:&quot;&quot;,&quot;left&quot;:&quot;&quot;,&quot;isLinked&quot;:true},&quot;btn_padding_mobile&quot;:{&quot;unit&quot;:&quot;px&quot;,&quot;top&quot;:&quot;&quot;,&quot;right&quot;:&quot;&quot;,&quot;bottom&quot;:&quot;&quot;,&quot;left&quot;:&quot;&quot;,&quot;isLinked&quot;:true}}\" data-widget_type=\"oment_slider.default\">\n\t\t\t\t<div class=\"elementor-widget-container\">\n\t\t\t\t\t    \r\n    \r\n        \r\n    <!-- Slider Three Start -->\r\n    <section class=\"slider-three oment-slider\">\r\n        <div class=\"slider-three__wrap\">\r\n            <div class=\"swiper-container slider-three-style3\" data-slider=\"{&quot;loop&quot;:true,&quot;items_show&quot;:1,&quot;gap_show&quot;:0}\">\r\n                <div class=\"swiper-wrapper\">\r\n\t\t\t\t\t\t\t\t\t\r\n                    <!-- Slide Item -->\r\n                    <div class=\"swiper-slide\">\r\n                        \t\r\n                        <div class=\"image-layer-three\" style=\"background-image: url(https:\/\/peruwood.org\/wp-content\/uploads\/2026\/01\/bg-principal4.jpg);\"><\/div>\r\n                        \t\t\r\n        \t\t\t\t                        \r\n                        <div class=\"container\">\r\n                            <div class=\"slider-three__content\">\r\n                                <ul class=\"slider-three__socila\">\r\n                                                                        <li>\r\n                                        <a href=\"https:\/\/www.twitter.com\">\r\n                                                                                            <i class=\"icon icon-twitter-1\"><\/i>                                                                                    <\/a>\r\n                                    <\/li>\r\n                                                                                                            <li>\r\n                                        <a href=\"https:\/\/www.facebook.com\">\r\n                                                                                            <i class=\"icon icon-facebook-1\"><\/i>                                                                                    <\/a>\r\n                                    <\/li>\r\n                                                                                                            <li>\r\n                                        <a href=\"https:\/\/www.instagram.com\">\r\n                                                                                            <i class=\"icon icon-instagram\"><\/i>                                                                                    <\/a>\r\n                                    <\/li>\r\n                                                                    <\/ul>\r\n                                <h2 class=\"slider-three__title  oment-title\">PERUVIAN TROPICAL WOODS FOR THE WORLD<\/h2>                                                                <div class=\"slider-three__btn-box\">\r\n                                    <a href=\"https:\/\/peruwood.org\/en\/quienes-somos\/\"   class=\"thm-btn slider-three__btn-1 oment-btn\">read more<span class=\"icon-right-arrow-2\"><\/span><\/a>\r\n                                <\/div>\r\n                                                            <\/div>\r\n                        <\/div>\r\n                    <\/div>\r\n                    <!-- Slide Item -->\r\n\t\t\t\t\t\t\t\t\t\r\n                    <!-- Slide Item -->\r\n                    <div class=\"swiper-slide\">\r\n                        \t\r\n                        <div class=\"image-layer-three\" style=\"background-image: url(https:\/\/peruwood.org\/wp-content\/uploads\/2026\/01\/bg-principal5.jpg);\"><\/div>\r\n                        \t\t\r\n        \t\t\t\t                        \r\n                        <div class=\"container\">\r\n                            <div class=\"slider-three__content\">\r\n                                <ul class=\"slider-three__socila\">\r\n                                                                        <li>\r\n                                        <a href=\"\">\r\n                                                                                            <i class=\"flaticon-mail\"><\/i>                                                                                    <\/a>\r\n                                    <\/li>\r\n                                                                                                            <li>\r\n                                        <a href=\"\">\r\n                                                                                            <i class=\"flaticon-mail\"><\/i>                                                                                    <\/a>\r\n                                    <\/li>\r\n                                                                                                            <li>\r\n                                        <a href=\"\">\r\n                                                                                            <i class=\"flaticon-mail\"><\/i>                                                                                    <\/a>\r\n                                    <\/li>\r\n                                                                    <\/ul>\r\n                                <h2 class=\"slider-three__title  oment-title\">PERUVIAN TROPICAL WOODS FOR THE WORLD<\/h2>                                                                <div class=\"slider-three__btn-box\">\r\n                                    <a href=\"https:\/\/peruwood.org\/en\/quienes-somos\/\"   class=\"thm-btn slider-three__btn-1 oment-btn\">read more<span class=\"icon-right-arrow-2\"><\/span><\/a>\r\n                                <\/div>\r\n                                                            <\/div>\r\n                        <\/div>\r\n                    <\/div>\r\n                    <!-- Slide Item -->\r\n\t\t\t\t\t                <\/div>\r\n                \r\n\t\t\t\t                \r\n                                \r\n            <\/div>\r\n        <\/div>\r\n    <\/section>\r\n    <!-- Slider Three End -->\r\n    \r\n    \t\t\t\t<\/div>\n\t\t\t\t<\/div>\n\t\t\t\t<\/div>\n\t\t<div class=\"elementor-element elementor-element-7c60a31 e-flex e-con-boxed e-con e-parent\" data-id=\"7c60a31\" data-element_type=\"container\" data-settings=\"{&quot;background_background&quot;:&quot;classic&quot;}\">\n\t\t\t\t\t<div class=\"e-con-inner\">\n\t\t\t\t\t<\/div>\n\t\t\t\t<\/div>\n\t\t<div class=\"elementor-element elementor-element-7db2587 e-con-full e-flex e-con e-parent\" data-id=\"7db2587\" data-element_type=\"container\">\n\t\t<div class=\"elementor-element elementor-element-a1cd746 e-flex e-con-boxed e-con e-child\" data-id=\"a1cd746\" data-element_type=\"container\">\n\t\t\t\t\t<div class=\"e-con-inner\">\n\t\t<div class=\"elementor-element elementor-element-2592bd0 e-con-full e-flex e-con e-child\" data-id=\"2592bd0\" data-element_type=\"container\">\n\t\t\t\t<div class=\"elementor-element elementor-element-d2872c5 elementor-widget elementor-widget-oment_tab\" data-id=\"d2872c5\" data-element_type=\"widget\" data-settings=\"{&quot;icon_box_space&quot;:{&quot;unit&quot;:&quot;px&quot;,&quot;top&quot;:&quot;&quot;,&quot;right&quot;:&quot;&quot;,&quot;bottom&quot;:&quot;&quot;,&quot;left&quot;:&quot;&quot;,&quot;isLinked&quot;:true},&quot;icon_box_space_tablet&quot;:{&quot;unit&quot;:&quot;px&quot;,&quot;top&quot;:&quot;&quot;,&quot;right&quot;:&quot;&quot;,&quot;bottom&quot;:&quot;&quot;,&quot;left&quot;:&quot;&quot;,&quot;isLinked&quot;:true},&quot;icon_box_space_mobile&quot;:{&quot;unit&quot;:&quot;px&quot;,&quot;top&quot;:&quot;&quot;,&quot;right&quot;:&quot;&quot;,&quot;bottom&quot;:&quot;&quot;,&quot;left&quot;:&quot;&quot;,&quot;isLinked&quot;:true},&quot;icon_box_padding&quot;:{&quot;unit&quot;:&quot;px&quot;,&quot;top&quot;:&quot;&quot;,&quot;right&quot;:&quot;&quot;,&quot;bottom&quot;:&quot;&quot;,&quot;left&quot;:&quot;&quot;,&quot;isLinked&quot;:true},&quot;icon_box_padding_tablet&quot;:{&quot;unit&quot;:&quot;px&quot;,&quot;top&quot;:&quot;&quot;,&quot;right&quot;:&quot;&quot;,&quot;bottom&quot;:&quot;&quot;,&quot;left&quot;:&quot;&quot;,&quot;isLinked&quot;:true},&quot;icon_box_padding_mobile&quot;:{&quot;unit&quot;:&quot;px&quot;,&quot;top&quot;:&quot;&quot;,&quot;right&quot;:&quot;&quot;,&quot;bottom&quot;:&quot;&quot;,&quot;left&quot;:&quot;&quot;,&quot;isLinked&quot;:true}}\" data-widget_type=\"oment_tab.default\">\n\t\t\t\t<div class=\"elementor-widget-container\">\n\t\t\t\t\t    \n   <div class=\"about-three__left oment-tab\"> \n    <div class=\"about-three__main-tab-box tabs-box\">\n        <div class=\"about-three__tab-button-box\">\n            <ul class=\"tab-buttons clearfix list-unstyled\">\n                                <li data-tab=\"#1stab1\" class=\"tab-btn active-btn\">\n                    <div class=\"about-three__icon oment-icon\">  \n\t\t\t\t\t\t\t\t\t\t\t\t\t                          \n                    <\/div>\n                <\/li>\n                            <\/ul>\n        <\/div>\n        <div class=\"tabs-content\">\n                        <!--tab-->\n            <div class=\"tab active-tab\" id=\"1stab1\">\n                                <div class=\"about-three__img\">\n                    <img decoding=\"async\" src=\"https:\/\/peruwood.org\/wp-content\/uploads\/2026\/01\/home-quienes2.png\" alt=\"Awesome Image\">\n                    <div class=\"about-three__shape-1 float-bob-x\">\n                        <img decoding=\"async\" src=\"https:\/\/peruwood.org\/wp-content\/themes\/oment\/assets\/images\/shapes\/about-three-shape-1.png\" alt=\"Awesome Image\">\n                    <\/div>\n                <\/div>\n                            <\/div>\n            <!--tab-->\n                    <\/div>\n    <\/div>\n   <\/div>\n    \n\t\t\t\t\t<\/div>\n\t\t\t\t<\/div>\n\t\t\t\t<\/div>\n\t\t<div class=\"elementor-element elementor-element-d1b6dac e-con-full e-flex e-con e-child\" data-id=\"d1b6dac\" data-element_type=\"container\">\n\t\t\t\t<div class=\"elementor-element elementor-element-89f62fa elementor-widget elementor-widget-oment-hero-title\" data-id=\"89f62fa\" data-element_type=\"widget\" data-widget_type=\"oment-hero-title.default\">\n\t\t\t\t<div class=\"elementor-widget-container\">\n\t\t\t\t\t        \n        \n        <div class=\"section-title text-left sec-title-animation animation-style2 oment-hero-title\">\n                        \n                        <h2 class=\"section-title__title title-animation oment-title oment-size-default\">Woods for the world<\/h2>                        \n                    <\/div>\n    \t\n    \t\t\t\t<\/div>\n\t\t\t\t<\/div>\n\t\t\t\t<div class=\"elementor-element elementor-element-aef6a90 elementor-widget elementor-widget-image\" data-id=\"aef6a90\" data-element_type=\"widget\" data-widget_type=\"image.default\">\n\t\t\t\t\t\t\t\t\t\t\t\t\t\t\t<img decoding=\"async\" src=\"https:\/\/wp1.yogsthemes.com\/newwp\/oment\/wp-content\/uploads\/2024\/01\/about-three-shape-2.png\" title=\"\" alt=\"\" loading=\"lazy\" \/>\t\t\t\t\t\t\t\t\t\t\t\t\t\t\t<\/div>\n\t\t\t\t<div class=\"elementor-element elementor-element-e990021 elementor-widget elementor-widget-text-editor\" data-id=\"e990021\" data-element_type=\"widget\" data-widget_type=\"text-editor.default\">\n\t\t\t\t\t\t\t\t\t<p style=\"text-align: justify;\">We specialize in connecting timber importers from around the world with exporters of tropical timber from Peru. We work with highly qualified suppliers from the Peruvian Amazon regions of Ucayali and Madre de Dios, enabling us to offer high-quality, pre-inspected products that help minimize operational risks.<\/p><p>\u00a0<\/p><p style=\"text-align: justify;\">Our supplier network ensures a steady supply of raw materials, access to the latest technology to fulfill various orders, and extensive experience in exporting.<\/p><p>\u00a0<\/p><p style=\"text-align: justify;\">We are committed to providing timber sourced from sustainably managed forests, offering both FSC-certified and non-FSC-certified wood.<\/p>\t\t\t\t\t\t\t\t<\/div>\n\t\t\t\t<div class=\"elementor-element elementor-element-62cae0e elementor-widget elementor-widget-spacer\" data-id=\"62cae0e\" data-element_type=\"widget\" data-widget_type=\"spacer.default\">\n\t\t\t\t\t\t\t<div class=\"elementor-spacer\">\n\t\t\t<div class=\"elementor-spacer-inner\"><\/div>\n\t\t<\/div>\n\t\t\t\t\t\t<\/div>\n\t\t\t\t<div class=\"elementor-element elementor-element-814d0e4 elementor-widget elementor-widget-oment_button\" data-id=\"814d0e4\" data-element_type=\"widget\" data-settings=\"{&quot;btn_margin&quot;:{&quot;unit&quot;:&quot;px&quot;,&quot;top&quot;:&quot;&quot;,&quot;right&quot;:&quot;&quot;,&quot;bottom&quot;:&quot;&quot;,&quot;left&quot;:&quot;&quot;,&quot;isLinked&quot;:true},&quot;btn_margin_tablet&quot;:{&quot;unit&quot;:&quot;px&quot;,&quot;top&quot;:&quot;&quot;,&quot;right&quot;:&quot;&quot;,&quot;bottom&quot;:&quot;&quot;,&quot;left&quot;:&quot;&quot;,&quot;isLinked&quot;:true},&quot;btn_margin_mobile&quot;:{&quot;unit&quot;:&quot;px&quot;,&quot;top&quot;:&quot;&quot;,&quot;right&quot;:&quot;&quot;,&quot;bottom&quot;:&quot;&quot;,&quot;left&quot;:&quot;&quot;,&quot;isLinked&quot;:true},&quot;btn_padding&quot;:{&quot;unit&quot;:&quot;px&quot;,&quot;top&quot;:&quot;&quot;,&quot;right&quot;:&quot;&quot;,&quot;bottom&quot;:&quot;&quot;,&quot;left&quot;:&quot;&quot;,&quot;isLinked&quot;:true},&quot;btn_padding_tablet&quot;:{&quot;unit&quot;:&quot;px&quot;,&quot;top&quot;:&quot;&quot;,&quot;right&quot;:&quot;&quot;,&quot;bottom&quot;:&quot;&quot;,&quot;left&quot;:&quot;&quot;,&quot;isLinked&quot;:true},&quot;btn_padding_mobile&quot;:{&quot;unit&quot;:&quot;px&quot;,&quot;top&quot;:&quot;&quot;,&quot;right&quot;:&quot;&quot;,&quot;bottom&quot;:&quot;&quot;,&quot;left&quot;:&quot;&quot;,&quot;isLinked&quot;:true}}\" data-widget_type=\"oment_button.default\">\n\t\t\t\t<div class=\"elementor-widget-container\">\n\t\t\t\t\t    \t\n                \n        <div class=\"btn-box te-btn\">\n            <a href=\"https:\/\/peruwood.org\/en\/quienes-somos\/\"   class=\"about-one__btn thm-btn oment-btn\">read more <span class=\"icon-right-arrow-2\"><\/span><\/a>\n        <\/div>\n        \n    \t\t\t\t<\/div>\n\t\t\t\t<\/div>\n\t\t\t\t<\/div>\n\t\t\t\t\t<\/div>\n\t\t\t\t<\/div>\n\t\t\t\t<div class=\"elementor-element elementor-element-55d8fb0 elementor-widget elementor-widget-oment_shape_image\" data-id=\"55d8fb0\" data-element_type=\"widget\" data-widget_type=\"oment_shape_image.default\">\n\t\t\t\t<div class=\"elementor-widget-container\">\n\t\t\t\t\t \n    \n        \n        <div class=\"about-three__shape-3 float-bob-y te-img-position\">\n        <img decoding=\"async\" src=\"\" alt=\"Awesome Image\">\n    <\/div>\n        \n    \t\t\t\t<\/div>\n\t\t\t\t<\/div>\n\t\t\t\t<\/div>\n\t\t<div class=\"elementor-element elementor-element-cb10f06 e-flex e-con-boxed e-con e-parent\" data-id=\"cb10f06\" data-element_type=\"container\">\n\t\t\t\t\t<div class=\"e-con-inner\">\n\t\t\t\t<div class=\"elementor-element elementor-element-f9f0bd0 elementor-widget elementor-widget-oment_float_image\" data-id=\"f9f0bd0\" data-element_type=\"widget\" data-widget_type=\"oment_float_image.default\">\n\t\t\t\t<div class=\"elementor-widget-container\">\n\t\t\t\t\t  \n    \n     \t\n    <ul class=\"feature-one__top-img-list list-unstyled\">\n                <li>\n            <div class=\"feature-one__top-img-box wow slideInRight\" data-wow-delay=\"100ms\" data-wow-duration=\"2500ms\">\n                                <div class=\"feature-one__top-img te-img-position\">\n                    <img decoding=\"async\" src=\"https:\/\/peruwood.org\/wp-content\/uploads\/2026\/01\/per2.jpg\" alt=\"Awesome Image\">\n                <\/div>\n                            <\/div>\n        <\/li>\n               <li>\n            <div class=\"feature-one__top-img-box wow slideInRight\" data-wow-delay=\"100ms\" data-wow-duration=\"2500ms\">\n                                <div class=\"feature-one__top-img te-img-position\">\n                    <img decoding=\"async\" src=\"https:\/\/peruwood.org\/wp-content\/uploads\/2026\/01\/per1.jpg\" alt=\"Awesome Image\">\n                <\/div>\n                            <\/div>\n        <\/li>\n               <li>\n            <div class=\"feature-one__top-img-box wow slideInRight\" data-wow-delay=\"100ms\" data-wow-duration=\"2500ms\">\n                                <div class=\"feature-one__top-img te-img-position\">\n                    <img decoding=\"async\" src=\"https:\/\/peruwood.org\/wp-content\/uploads\/2026\/01\/per6.jpg\" alt=\"Awesome Image\">\n                <\/div>\n                            <\/div>\n        <\/li>\n               <li>\n            <div class=\"feature-one__top-img-box wow slideInRight\" data-wow-delay=\"100ms\" data-wow-duration=\"2500ms\">\n                                <div class=\"feature-one__top-img te-img-position\">\n                    <img decoding=\"async\" src=\"https:\/\/peruwood.org\/wp-content\/uploads\/2026\/01\/per7.jpg\" alt=\"Awesome Image\">\n                <\/div>\n                            <\/div>\n        <\/li>\n               <li>\n            <div class=\"feature-one__top-img-box wow slideInRight\" data-wow-delay=\"100ms\" data-wow-duration=\"2500ms\">\n                                <div class=\"feature-one__top-img te-img-position\">\n                    <img decoding=\"async\" src=\"https:\/\/peruwood.org\/wp-content\/uploads\/2026\/01\/per8.jpg\" alt=\"Awesome Image\">\n                <\/div>\n                            <\/div>\n        <\/li>\n           <\/ul>\n    \n    \t\t\t\t<\/div>\n\t\t\t\t<\/div>\n\t\t\t\t\t<\/div>\n\t\t\t\t<\/div>\n\t\t<div class=\"elementor-element elementor-element-9c5c19f e-flex e-con-boxed e-con e-parent\" data-id=\"9c5c19f\" data-element_type=\"container\" data-settings=\"{&quot;background_background&quot;:&quot;classic&quot;}\">\n\t\t\t\t\t<div class=\"e-con-inner\">\n\t\t\t\t<div class=\"elementor-element elementor-element-1cd7ca4 elementor-widget elementor-widget-oment-hero-title\" data-id=\"1cd7ca4\" data-element_type=\"widget\" data-widget_type=\"oment-hero-title.default\">\n\t\t\t\t<div class=\"elementor-widget-container\">\n\t\t\t\t\t        \n        \n        <div class=\"section-title text-left sec-title-animation animation-style2 oment-hero-title\">\n                        \n                        <h2 class=\"section-title__title title-animation oment-title oment-size-default\">PERU WOOD \u2013 WOODS FOR THE WORLD<\/h2>                        \n                    <\/div>\n    \t\n    \t\t\t\t<\/div>\n\t\t\t\t<\/div>\n\t\t\t\t\t<\/div>\n\t\t\t\t<\/div>\n\t\t\t\t<\/div>","protected":false},"excerpt":{"rendered":"<p>MADERAS TROPICALES DEL PER\u00da Leer m\u00e1s MADERAS TROPICALES DEL PER\u00da Leer m\u00e1s Maderas para el mundo Nos dedicamos a establecer conexiones entre importadores de madera de alrededor del mundo con exportadores de maderas tropicales de Per\u00fa. Contamos con una amplia red de proveedores cualificados en la amazon\u00eda peruana de Ucayali y Madre de Dios que [&hellip;]<\/p>","protected":false},"author":1,"featured_media":0,"parent":0,"menu_order":0,"comment_status":"closed","ping_status":"closed","template":"tpl-default-elementor.php","meta":{"footnotes":""},"class_list":["post-3966","page","type-page","status-publish","hentry"],"_links":{"self":[{"href":"https:\/\/peruwood.org\/en\/wp-json\/wp\/v2\/pages\/3966","targetHints":{"allow":["GET"]}}],"collection":[{"href":"https:\/\/peruwood.org\/en\/wp-json\/wp\/v2\/pages"}],"about":[{"href":"https:\/\/peruwood.org\/en\/wp-json\/wp\/v2\/types\/page"}],"author":[{"embeddable":true,"href":"https:\/\/peruwood.org\/en\/wp-json\/wp\/v2\/users\/1"}],"replies":[{"embeddable":true,"href":"https:\/\/peruwood.org\/en\/wp-json\/wp\/v2\/comments?post=3966"}],"version-history":[{"count":69,"href":"https:\/\/peruwood.org\/en\/wp-json\/wp\/v2\/pages\/3966\/revisions"}],"predecessor-version":[{"id":5245,"href":"https:\/\/peruwood.org\/en\/wp-json\/wp\/v2\/pages\/3966\/revisions\/5245"}],"wp:attachment":[{"href":"https:\/\/peruwood.org\/en\/wp-json\/wp\/v2\/media?parent=3966"}],"curies":[{"name":"wp","href":"https:\/\/api.w.org\/{rel}","templated":true}]}}