
{"id":3883,"date":"2024-02-01T20:53:48","date_gmt":"2024-02-01T20:53:48","guid":{"rendered":"https:\/\/wp1.yogsthemes.com\/newwp\/oment\/?page_id=3883"},"modified":"2024-02-01T20:53:48","modified_gmt":"2024-02-01T20:53:48","slug":"blog-grid-02","status":"publish","type":"page","link":"https:\/\/peruwood.org\/en\/blog-grid-02\/","title":{"rendered":"Blog Grid 02"},"content":{"rendered":"<div data-elementor-type=\"wp-page\" data-elementor-id=\"3883\" class=\"elementor elementor-3883\">\n\t\t\t\t<div class=\"elementor-element elementor-element-184c6f6 e-flex e-con-boxed e-con e-parent\" data-id=\"184c6f6\" data-element_type=\"container\">\n\t\t\t\t\t<div class=\"e-con-inner\">\n\t\t\t\t<div class=\"elementor-element elementor-element-0854719 elementor-widget elementor-widget-oment_blog_grid\" data-id=\"0854719\" data-element_type=\"widget\" data-settings=\"{&quot;title_margin&quot;:{&quot;unit&quot;:&quot;px&quot;,&quot;top&quot;:&quot;&quot;,&quot;right&quot;:&quot;&quot;,&quot;bottom&quot;:&quot;&quot;,&quot;left&quot;:&quot;&quot;,&quot;isLinked&quot;:true},&quot;title_margin_tablet&quot;:{&quot;unit&quot;:&quot;px&quot;,&quot;top&quot;:&quot;&quot;,&quot;right&quot;:&quot;&quot;,&quot;bottom&quot;:&quot;&quot;,&quot;left&quot;:&quot;&quot;,&quot;isLinked&quot;:true},&quot;title_margin_mobile&quot;:{&quot;unit&quot;:&quot;px&quot;,&quot;top&quot;:&quot;&quot;,&quot;right&quot;:&quot;&quot;,&quot;bottom&quot;:&quot;&quot;,&quot;left&quot;:&quot;&quot;,&quot;isLinked&quot;:true},&quot;title_padding&quot;:{&quot;unit&quot;:&quot;px&quot;,&quot;top&quot;:&quot;&quot;,&quot;right&quot;:&quot;&quot;,&quot;bottom&quot;:&quot;&quot;,&quot;left&quot;:&quot;&quot;,&quot;isLinked&quot;:true},&quot;title_padding_tablet&quot;:{&quot;unit&quot;:&quot;px&quot;,&quot;top&quot;:&quot;&quot;,&quot;right&quot;:&quot;&quot;,&quot;bottom&quot;:&quot;&quot;,&quot;left&quot;:&quot;&quot;,&quot;isLinked&quot;:true},&quot;title_padding_mobile&quot;:{&quot;unit&quot;:&quot;px&quot;,&quot;top&quot;:&quot;&quot;,&quot;right&quot;:&quot;&quot;,&quot;bottom&quot;:&quot;&quot;,&quot;left&quot;:&quot;&quot;,&quot;isLinked&quot;:true},&quot;btn_margin&quot;:{&quot;unit&quot;:&quot;px&quot;,&quot;top&quot;:&quot;&quot;,&quot;right&quot;:&quot;&quot;,&quot;bottom&quot;:&quot;&quot;,&quot;left&quot;:&quot;&quot;,&quot;isLinked&quot;:true},&quot;btn_margin_tablet&quot;:{&quot;unit&quot;:&quot;px&quot;,&quot;top&quot;:&quot;&quot;,&quot;right&quot;:&quot;&quot;,&quot;bottom&quot;:&quot;&quot;,&quot;left&quot;:&quot;&quot;,&quot;isLinked&quot;:true},&quot;btn_margin_mobile&quot;:{&quot;unit&quot;:&quot;px&quot;,&quot;top&quot;:&quot;&quot;,&quot;right&quot;:&quot;&quot;,&quot;bottom&quot;:&quot;&quot;,&quot;left&quot;:&quot;&quot;,&quot;isLinked&quot;:true},&quot;btn_padding&quot;:{&quot;unit&quot;:&quot;px&quot;,&quot;top&quot;:&quot;&quot;,&quot;right&quot;:&quot;&quot;,&quot;bottom&quot;:&quot;&quot;,&quot;left&quot;:&quot;&quot;,&quot;isLinked&quot;:true},&quot;btn_padding_tablet&quot;:{&quot;unit&quot;:&quot;px&quot;,&quot;top&quot;:&quot;&quot;,&quot;right&quot;:&quot;&quot;,&quot;bottom&quot;:&quot;&quot;,&quot;left&quot;:&quot;&quot;,&quot;isLinked&quot;:true},&quot;btn_padding_mobile&quot;:{&quot;unit&quot;:&quot;px&quot;,&quot;top&quot;:&quot;&quot;,&quot;right&quot;:&quot;&quot;,&quot;bottom&quot;:&quot;&quot;,&quot;left&quot;:&quot;&quot;,&quot;isLinked&quot;:true}}\" data-widget_type=\"oment_blog_grid.default\">\n\t\t\t\t<div class=\"elementor-widget-container\">\n\t\t\t\t\t    \r\n    \r\n\t\r\n\t\t\r\n     <div class=\"oment-blog\">\r\n     \t<div class=\"row\">\r\n                \t\t<!--Blog Two Single Start-->\r\n            <div class=\"col-xl-4 col-lg-12 col-md-12 col-sm-12 wow fadeInUp\" data-wow-delay=\"100ms\">\r\n                <div class=\"blog-two__single\">\r\n                    <div class=\"blog-two__img-box\">\r\n                        <div class=\"blog-two__shape-1\"><\/div>\r\n                        <div class=\"blog-two__img\">\r\n                                                    <\/div>\r\n                        <div class=\"blog-two__content\">\r\n                            <p class=\"blog-two__date  oment-date\"><span class=\"icon-time\"><\/span>June 22, 2022<\/p>                            <h3 class=\"blog-two__title oment-title\"><a href=\"https:\/\/peruwood.org\/en\/2022\/06\/22\/fenafor-regresa-en-noviembre-2022\/\">FENAFOR regresa en Noviembre 2022<\/a><\/h3>\r\n                            <div class=\"blog-two__btn\">\r\n                                <a href=\"https:\/\/peruwood.org\/en\/2022\/06\/22\/fenafor-regresa-en-noviembre-2022\/\" class=\"oment-btn\">\r\n\t\t\t\t\t\t\t\t\t                                        Buy a Seat \r\n                                    <span class=\"icon-right-arrow-2\"><\/span>\r\n                                <\/a>\r\n                            <\/div>\r\n                        <\/div>\r\n                    <\/div>\r\n                <\/div>\r\n            <\/div>\r\n            <!--Blog Two Single End-->\r\n\t\t\t    \t\t<!--Blog Two Single Start-->\r\n            <div class=\"col-xl-4 col-lg-12 col-md-12 col-sm-12 wow fadeInUp\" data-wow-delay=\"100ms\">\r\n                <div class=\"blog-two__single\">\r\n                    <div class=\"blog-two__img-box\">\r\n                        <div class=\"\"><\/div>\r\n                        <div class=\"blog-two__img\">\r\n                                                    <\/div>\r\n                        <div class=\"blog-two__content\">\r\n                            <p class=\"blog-two__date  oment-date\"><span class=\"icon-time\"><\/span>July 23, 2022<\/p>                            <h3 class=\"blog-two__title oment-title\"><a href=\"https:\/\/peruwood.org\/en\/2022\/07\/23\/empresarios-peruanos-presentes-en-iwf-atlanta-2022\/\">Empresarios peruanos\u00a0 presentes en IWF Atlanta 2022<\/a><\/h3>\r\n                            <div class=\"blog-two__btn\">\r\n                                <a href=\"https:\/\/peruwood.org\/en\/2022\/07\/23\/empresarios-peruanos-presentes-en-iwf-atlanta-2022\/\" class=\"oment-btn\">\r\n\t\t\t\t\t\t\t\t\t                                        Buy a Seat \r\n                                    <span class=\"icon-right-arrow-2\"><\/span>\r\n                                <\/a>\r\n                            <\/div>\r\n                        <\/div>\r\n                    <\/div>\r\n                <\/div>\r\n            <\/div>\r\n            <!--Blog Two Single End-->\r\n\t\t\t    \t\t<!--Blog Two Single Start-->\r\n            <div class=\"col-xl-4 col-lg-12 col-md-12 col-sm-12 wow fadeInUp\" data-wow-delay=\"100ms\">\r\n                <div class=\"blog-two__single blog-two__single-3\">\r\n                    <div class=\"blog-two__img-box\">\r\n                        <div class=\"blog-two__shape-1\"><\/div>\r\n                        <div class=\"blog-two__img\">\r\n                                                    <\/div>\r\n                        <div class=\"blog-two__content\">\r\n                            <p class=\"blog-two__date  oment-date\"><span class=\"icon-time\"><\/span>August 24, 2022<\/p>                            <h3 class=\"blog-two__title oment-title\"><a href=\"https:\/\/peruwood.org\/en\/2022\/08\/24\/mision-peruana-participo-en-interzum-bogota-2022\/\">Misi\u00f3n Peruana particip\u00f3 en Interzum Bogot\u00e1 2022<\/a><\/h3>\r\n                            <div class=\"blog-two__btn\">\r\n                                <a href=\"https:\/\/peruwood.org\/en\/2022\/08\/24\/mision-peruana-participo-en-interzum-bogota-2022\/\" class=\"oment-btn\">\r\n\t\t\t\t\t\t\t\t\t                                        Buy a Seat \r\n                                    <span class=\"icon-right-arrow-2\"><\/span>\r\n                                <\/a>\r\n                            <\/div>\r\n                        <\/div>\r\n                    <\/div>\r\n                <\/div>\r\n            <\/div>\r\n            <!--Blog Two Single End-->\r\n\t\t\t    \t\t<!--Blog Two Single Start-->\r\n            <div class=\"col-xl-4 col-lg-12 col-md-12 col-sm-12 wow fadeInUp\" data-wow-delay=\"100ms\">\r\n                <div class=\"blog-two__single\">\r\n                    <div class=\"blog-two__img-box\">\r\n                        <div class=\"\"><\/div>\r\n                        <div class=\"blog-two__img\">\r\n                                                    <\/div>\r\n                        <div class=\"blog-two__content\">\r\n                            <p class=\"blog-two__date  oment-date\"><span class=\"icon-time\"><\/span>September 25, 2022<\/p>                            <h3 class=\"blog-two__title oment-title\"><a href=\"https:\/\/peruwood.org\/en\/2022\/09\/25\/empresarios-peruanos-en-formobile-brasil-2022\/\">Empresarios Peruanos en Formobile Brasil 2022<\/a><\/h3>\r\n                            <div class=\"blog-two__btn\">\r\n                                <a href=\"https:\/\/peruwood.org\/en\/2022\/09\/25\/empresarios-peruanos-en-formobile-brasil-2022\/\" class=\"oment-btn\">\r\n\t\t\t\t\t\t\t\t\t                                        Buy a Seat \r\n                                    <span class=\"icon-right-arrow-2\"><\/span>\r\n                                <\/a>\r\n                            <\/div>\r\n                        <\/div>\r\n                    <\/div>\r\n                <\/div>\r\n            <\/div>\r\n            <!--Blog Two Single End-->\r\n\t\t\t    \t\t<!--Blog Two Single Start-->\r\n            <div class=\"col-xl-4 col-lg-12 col-md-12 col-sm-12 wow fadeInUp\" data-wow-delay=\"100ms\">\r\n                <div class=\"blog-two__single\">\r\n                    <div class=\"blog-two__img-box\">\r\n                        <div class=\"\"><\/div>\r\n                        <div class=\"blog-two__img\">\r\n                                                    <\/div>\r\n                        <div class=\"blog-two__content\">\r\n                            <p class=\"blog-two__date  oment-date\"><span class=\"icon-time\"><\/span>October 26, 2022<\/p>                            <h3 class=\"blog-two__title oment-title\"><a href=\"https:\/\/peruwood.org\/en\/2022\/10\/26\/delegacion-peruana-presente-en-sicam-italia-2022\/\">Delegaci\u00f3n peruana presente en SICAM \u2013 Italia 2022<\/a><\/h3>\r\n                            <div class=\"blog-two__btn\">\r\n                                <a href=\"https:\/\/peruwood.org\/en\/2022\/10\/26\/delegacion-peruana-presente-en-sicam-italia-2022\/\" class=\"oment-btn\">\r\n\t\t\t\t\t\t\t\t\t                                        Buy a Seat \r\n                                    <span class=\"icon-right-arrow-2\"><\/span>\r\n                                <\/a>\r\n                            <\/div>\r\n                        <\/div>\r\n                    <\/div>\r\n                <\/div>\r\n            <\/div>\r\n            <!--Blog Two Single End-->\r\n\t\t\t    \t\t<!--Blog Two Single Start-->\r\n            <div class=\"col-xl-4 col-lg-12 col-md-12 col-sm-12 wow fadeInUp\" data-wow-delay=\"100ms\">\r\n                <div class=\"blog-two__single\">\r\n                    <div class=\"blog-two__img-box\">\r\n                        <div class=\"\"><\/div>\r\n                        <div class=\"blog-two__img\">\r\n                                                    <\/div>\r\n                        <div class=\"blog-two__content\">\r\n                            <p class=\"blog-two__date  oment-date\"><span class=\"icon-time\"><\/span>June 27, 2023<\/p>                            <h3 class=\"blog-two__title oment-title\"><a href=\"https:\/\/peruwood.org\/en\/2023\/06\/27\/delegacion-peruana-presente-en-ligna-alemania-2023\/\">Delegaci\u00f3n peruana presente en LIGNA Alemania 2023<\/a><\/h3>\r\n                            <div class=\"blog-two__btn\">\r\n                                <a href=\"https:\/\/peruwood.org\/en\/2023\/06\/27\/delegacion-peruana-presente-en-ligna-alemania-2023\/\" class=\"oment-btn\">\r\n\t\t\t\t\t\t\t\t\t                                        Buy a Seat \r\n                                    <span class=\"icon-right-arrow-2\"><\/span>\r\n                                <\/a>\r\n                            <\/div>\r\n                        <\/div>\r\n                    <\/div>\r\n                <\/div>\r\n            <\/div>\r\n            <!--Blog Two Single End-->\r\n\t\t\t    \t\t<!--Blog Two Single Start-->\r\n            <div class=\"col-xl-4 col-lg-12 col-md-12 col-sm-12 wow fadeInUp\" data-wow-delay=\"100ms\">\r\n                <div class=\"blog-two__single\">\r\n                    <div class=\"blog-two__img-box\">\r\n                        <div class=\"\"><\/div>\r\n                        <div class=\"blog-two__img\">\r\n                                                    <\/div>\r\n                        <div class=\"blog-two__content\">\r\n                            <p class=\"blog-two__date  oment-date\"><span class=\"icon-time\"><\/span>July 29, 2023<\/p>                            <h3 class=\"blog-two__title oment-title\"><a href=\"https:\/\/peruwood.org\/en\/2023\/07\/29\/empresarios-peruanos-participan-en-wmf-china-y-ciff-china\/\">Empresarios Peruanos participan en WMF China\u00a0y CIFF China<\/a><\/h3>\r\n                            <div class=\"blog-two__btn\">\r\n                                <a href=\"https:\/\/peruwood.org\/en\/2023\/07\/29\/empresarios-peruanos-participan-en-wmf-china-y-ciff-china\/\" class=\"oment-btn\">\r\n\t\t\t\t\t\t\t\t\t                                        Buy a Seat \r\n                                    <span class=\"icon-right-arrow-2\"><\/span>\r\n                                <\/a>\r\n                            <\/div>\r\n                        <\/div>\r\n                    <\/div>\r\n                <\/div>\r\n            <\/div>\r\n            <!--Blog Two Single End-->\r\n\t\t\t    \t\t<!--Blog Two Single Start-->\r\n            <div class=\"col-xl-4 col-lg-12 col-md-12 col-sm-12 wow fadeInUp\" data-wow-delay=\"100ms\">\r\n                <div class=\"blog-two__single\">\r\n                    <div class=\"blog-two__img-box\">\r\n                        <div class=\"\"><\/div>\r\n                        <div class=\"blog-two__img\">\r\n                                                    <\/div>\r\n                        <div class=\"blog-two__content\">\r\n                            <p class=\"blog-two__date  oment-date\"><span class=\"icon-time\"><\/span>August 30, 2023<\/p>                            <h3 class=\"blog-two__title oment-title\"><a href=\"https:\/\/peruwood.org\/en\/2023\/08\/30\/this-year-over-70000-people-will-come-to-web-summity-2\/\">Exitosa Misi\u00f3n Comercial a Rep\u00fablica Dominicana<\/a><\/h3>\r\n                            <div class=\"blog-two__btn\">\r\n                                <a href=\"https:\/\/peruwood.org\/en\/2023\/08\/30\/this-year-over-70000-people-will-come-to-web-summity-2\/\" class=\"oment-btn\">\r\n\t\t\t\t\t\t\t\t\t                                        Buy a Seat \r\n                                    <span class=\"icon-right-arrow-2\"><\/span>\r\n                                <\/a>\r\n                            <\/div>\r\n                        <\/div>\r\n                    <\/div>\r\n                <\/div>\r\n            <\/div>\r\n            <!--Blog Two Single End-->\r\n\t\t\t    \t\t<!--Blog Two Single Start-->\r\n            <div class=\"col-xl-4 col-lg-12 col-md-12 col-sm-12 wow fadeInUp\" data-wow-delay=\"100ms\">\r\n                <div class=\"blog-two__single\">\r\n                    <div class=\"blog-two__img-box\">\r\n                        <div class=\"\"><\/div>\r\n                        <div class=\"blog-two__img\">\r\n                                                    <\/div>\r\n                        <div class=\"blog-two__content\">\r\n                            <p class=\"blog-two__date  oment-date\"><span class=\"icon-time\"><\/span>September 30, 2023<\/p>                            <h3 class=\"blog-two__title oment-title\"><a href=\"https:\/\/peruwood.org\/en\/2023\/09\/30\/greetings-and-opening-event-of-health-2\/\">Misi\u00f3n peruana\u00a0 participa en Sicam 2023<\/a><\/h3>\r\n                            <div class=\"blog-two__btn\">\r\n                                <a href=\"https:\/\/peruwood.org\/en\/2023\/09\/30\/greetings-and-opening-event-of-health-2\/\" class=\"oment-btn\">\r\n\t\t\t\t\t\t\t\t\t                                        Buy a Seat \r\n                                    <span class=\"icon-right-arrow-2\"><\/span>\r\n                                <\/a>\r\n                            <\/div>\r\n                        <\/div>\r\n                    <\/div>\r\n                <\/div>\r\n            <\/div>\r\n            <!--Blog Two Single End-->\r\n\t\t\t        <\/div>\r\n    <\/div>\r\n    \r\n    \t\t\t\t<\/div>\n\t\t\t\t<\/div>\n\t\t\t\t\t<\/div>\n\t\t\t\t<\/div>\n\t\t<div class=\"elementor-element elementor-element-a294b7a e-flex e-con-boxed e-con e-parent\" data-id=\"a294b7a\" data-element_type=\"container\" data-settings=\"{&quot;background_background&quot;:&quot;classic&quot;}\">\n\t\t\t\t\t<div class=\"e-con-inner\">\n\t\t\t\t<div class=\"elementor-element elementor-element-8c1b5fc elementor-widget elementor-widget-oment-hero-title\" data-id=\"8c1b5fc\" data-element_type=\"widget\" data-widget_type=\"oment-hero-title.default\">\n\t\t\t\t<div class=\"elementor-widget-container\">\n\t\t\t\t\t        \n        \n        <div class=\"section-title text-left sec-title-animation animation-style2 oment-hero-title\">\n                        <div class=\"section-title__tagline-box\">\n                                <div class=\"section-title__shape-1\">\n                    <img decoding=\"async\" src=\"\" alt=\"Awesome Image\">\n                <\/div>\n                                <p class=\"section-title__tagline title-animation oment-subtitle\">Get Every Updates<\/p>            <\/div>\n                        \n                        <h2 class=\"section-title__title title-animation oment-title oment-size-default\">Books Your Ticket Now<\/h2>                        \n                    <\/div>\n    \t\n    \t\t\t\t<\/div>\n\t\t\t\t<\/div>\n\t\t<div class=\"elementor-element elementor-element-fc67c48 e-con-full e-flex e-con e-child\" data-id=\"fc67c48\" data-element_type=\"container\" data-settings=\"{&quot;background_background&quot;:&quot;classic&quot;}\">\n\t\t\t\t<div class=\"elementor-element elementor-element-92e4a8b elementor-widget elementor-widget-oment_form\" data-id=\"92e4a8b\" data-element_type=\"widget\" data-settings=\"{&quot;oment_layout_margin&quot;:{&quot;unit&quot;:&quot;px&quot;,&quot;top&quot;:&quot;&quot;,&quot;right&quot;:&quot;&quot;,&quot;bottom&quot;:&quot;&quot;,&quot;left&quot;:&quot;&quot;,&quot;isLinked&quot;:true},&quot;oment_layout_margin_tablet&quot;:{&quot;unit&quot;:&quot;px&quot;,&quot;top&quot;:&quot;&quot;,&quot;right&quot;:&quot;&quot;,&quot;bottom&quot;:&quot;&quot;,&quot;left&quot;:&quot;&quot;,&quot;isLinked&quot;:true},&quot;oment_layout_margin_mobile&quot;:{&quot;unit&quot;:&quot;px&quot;,&quot;top&quot;:&quot;&quot;,&quot;right&quot;:&quot;&quot;,&quot;bottom&quot;:&quot;&quot;,&quot;left&quot;:&quot;&quot;,&quot;isLinked&quot;:true},&quot;oment_layout_padding&quot;:{&quot;unit&quot;:&quot;px&quot;,&quot;top&quot;:&quot;&quot;,&quot;right&quot;:&quot;&quot;,&quot;bottom&quot;:&quot;&quot;,&quot;left&quot;:&quot;&quot;,&quot;isLinked&quot;:true},&quot;oment_layout_padding_tablet&quot;:{&quot;unit&quot;:&quot;px&quot;,&quot;top&quot;:&quot;&quot;,&quot;right&quot;:&quot;&quot;,&quot;bottom&quot;:&quot;&quot;,&quot;left&quot;:&quot;&quot;,&quot;isLinked&quot;:true},&quot;oment_layout_padding_mobile&quot;:{&quot;unit&quot;:&quot;px&quot;,&quot;top&quot;:&quot;&quot;,&quot;right&quot;:&quot;&quot;,&quot;bottom&quot;:&quot;&quot;,&quot;left&quot;:&quot;&quot;,&quot;isLinked&quot;:true}}\" data-widget_type=\"oment_form.default\">\n\t\t\t\t<div class=\"elementor-widget-container\">\n\t\t\t\t\t    \n\n\t \n  \n  <div class=\"oment-form\">\n  \t  \t<div class=\"book-ticket__form-box\">\n    \t\n<div class=\"wpcf7 no-js\" id=\"wpcf7-f524-o1\" lang=\"en-US\" dir=\"ltr\" data-wpcf7-id=\"524\">\n<div class=\"screen-reader-response\"><p role=\"status\" aria-live=\"polite\" aria-atomic=\"true\"><\/p> <ul><\/ul><\/div>\n<form action=\"\/en\/wp-json\/wp\/v2\/pages\/3883#wpcf7-f524-o1\" method=\"post\" class=\"wpcf7-form init\" aria-label=\"Contact form\" novalidate=\"novalidate\" data-status=\"init\" data-trp-original-action=\"\/en\/wp-json\/wp\/v2\/pages\/3883#wpcf7-f524-o1\">\n<fieldset class=\"hidden-fields-container\"><input type=\"hidden\" name=\"_wpcf7\" value=\"524\" \/><input type=\"hidden\" name=\"_wpcf7_version\" value=\"6.1.4\" \/><input type=\"hidden\" name=\"_wpcf7_locale\" value=\"en_US\" \/><input type=\"hidden\" name=\"_wpcf7_unit_tag\" value=\"wpcf7-f524-o1\" \/><input type=\"hidden\" name=\"_wpcf7_container_post\" value=\"0\" \/><input type=\"hidden\" name=\"_wpcf7_posted_data_hash\" value=\"\" \/><input type=\"hidden\" name=\"_wpcf7_recaptcha_response\" value=\"\" \/>\n<\/fieldset>\n<div class=\"row\">\n\t<div class=\"col-xl-4\">\n\t\t<div class=\"book-ticket__input-box\">\n\t\t\t<div class=\"book-ticket__icon\">\n\t\t\t\t<p><span class=\"icon-user\"><\/span>\n\t\t\t\t<\/p>\n\t\t\t<\/div>\n\t\t\t<p><span class=\"wpcf7-form-control-wrap\" data-name=\"text-798\"><input size=\"40\" maxlength=\"400\" class=\"wpcf7-form-control wpcf7-text wpcf7-validates-as-required\" aria-required=\"true\" aria-invalid=\"false\" placeholder=\"Your Name\" value=\"\" type=\"text\" name=\"text-798\" \/><\/span>\n\t\t\t<\/p>\n\t\t<\/div>\n\t<\/div>\n\t<div class=\"col-xl-4\">\n\t\t<div class=\"book-ticket__input-box\">\n\t\t\t<div class=\"book-ticket__icon\">\n\t\t\t\t<p><span class=\"icon-open-mail\"><\/span>\n\t\t\t\t<\/p>\n\t\t\t<\/div>\n\t\t\t<p><span class=\"wpcf7-form-control-wrap\" data-name=\"email-923\"><input size=\"40\" maxlength=\"400\" class=\"wpcf7-form-control wpcf7-email wpcf7-validates-as-required wpcf7-text wpcf7-validates-as-email\" aria-required=\"true\" aria-invalid=\"false\" placeholder=\"Email Address\" value=\"\" type=\"email\" name=\"email-923\" \/><\/span>\n\t\t\t<\/p>\n\t\t<\/div>\n\t<\/div>\n\t<div class=\"col-xl-4\">\n\t\t<div class=\"book-ticket__input-box\">\n\t\t\t<div class=\"select-box\">\n\t\t\t\t<p><span class=\"wpcf7-form-control-wrap\" data-name=\"menu-353\"><select class=\"wpcf7-form-control wpcf7-select wpcf7-validates-as-required wide\" aria-required=\"true\" aria-invalid=\"false\" name=\"menu-353\"><option value=\"Select Your Price Tab\">Select Your Price Tab<\/option><option value=\"Select Your Price Tab 01\">Select Your Price Tab 01<\/option><option value=\"Select Your Price Tab 02\">Select Your Price Tab 02<\/option><option value=\"Select Your Price Tab 03\">Select Your Price Tab 03<\/option><\/select><\/span>\n\t\t\t\t<\/p>\n\t\t\t<\/div>\n\t\t<\/div>\n\t<\/div>\n<\/div>\n<div class=\"book-ticket__btn-box\">\n\t<p><button type=\"submit\" class=\"thm-btn book-ticket__btn\">Register Now<span class=\"icon-right-arrow-2\"><\/span><\/button>\n\t<\/p>\n<\/div><div class=\"wpcf7-response-output\" aria-hidden=\"true\"><\/div>\n<input type=\"hidden\" name=\"trp-form-language\" value=\"en\"\/><\/form>\n<\/div>\n\t<\/div>\n     <\/div>\n\n    \t\t\t\t<\/div>\n\t\t\t\t<\/div>\n\t\t\t\t<\/div>\n\t\t\t\t\t<\/div>\n\t\t\t\t<\/div>\n\t\t\t\t<\/div>","protected":false},"excerpt":{"rendered":"<p>January 30, 2024 Save soil, save world Projects in 2023 Buy a Seat January 30, 2024 IPad Prize Draw Recycles your Hub one router Buy a Seat January 30, 2024 Tips for creating content that&#8217;s educational Buy a Seat January 30, 2024 The most promising new influentials pages journalists Buy a Seat January 30, 2024 [&hellip;]<\/p>","protected":false},"author":1,"featured_media":0,"parent":0,"menu_order":0,"comment_status":"closed","ping_status":"closed","template":"tpl-default-elementor.php","meta":{"footnotes":""},"class_list":["post-3883","page","type-page","status-publish","hentry"],"_links":{"self":[{"href":"https:\/\/peruwood.org\/en\/wp-json\/wp\/v2\/pages\/3883","targetHints":{"allow":["GET"]}}],"collection":[{"href":"https:\/\/peruwood.org\/en\/wp-json\/wp\/v2\/pages"}],"about":[{"href":"https:\/\/peruwood.org\/en\/wp-json\/wp\/v2\/types\/page"}],"author":[{"embeddable":true,"href":"https:\/\/peruwood.org\/en\/wp-json\/wp\/v2\/users\/1"}],"replies":[{"embeddable":true,"href":"https:\/\/peruwood.org\/en\/wp-json\/wp\/v2\/comments?post=3883"}],"version-history":[{"count":0,"href":"https:\/\/peruwood.org\/en\/wp-json\/wp\/v2\/pages\/3883\/revisions"}],"wp:attachment":[{"href":"https:\/\/peruwood.org\/en\/wp-json\/wp\/v2\/media?parent=3883"}],"curies":[{"name":"wp","href":"https:\/\/api.w.org\/{rel}","templated":true}]}}